{"id":10171,"date":"2024-09-10T11:25:58","date_gmt":"2024-09-10T10:25:58","guid":{"rendered":"https:\/\/new.art4promotion.com\/?page_id=10171"},"modified":"2025-03-10T17:06:43","modified_gmt":"2025-03-10T16:06:43","slug":"projekty","status":"publish","type":"page","link":"https:\/\/new.art4promotion.com\/en\/projekty\/","title":{"rendered":"Projects"},"content":{"rendered":"[vc_row type=&#8221;full_width_background&#8221; full_screen_row_position=&#8221;middle&#8221; column_margin=&#8221;default&#8221; column_direction=&#8221;default&#8221; column_direction_tablet=&#8221;default&#8221; column_direction_phone=&#8221;default&#8221; bg_color=&#8221;#101010&#8243; scene_position=&#8221;center&#8221; top_padding=&#8221;70&#8243; top_margin=&#8221;0&#8243; text_color=&#8221;dark&#8221; text_align=&#8221;left&#8221; row_border_radius=&#8221;none&#8221; row_border_radius_applies=&#8221;bg&#8221; overflow=&#8221;visible&#8221; id=&#8221;portfolio-page&#8221; overlay_strength=&#8221;0.3&#8243; gradient_direction=&#8221;left_to_right&#8221; shape_divider_position=&#8221;bottom&#8221; bg_image_animation=&#8221;none&#8221; gradient_type=&#8221;default&#8221; shape_type=&#8221;&#8221;][vc_column column_padding=&#8221;no-extra-padding&#8221; column_padding_tablet=&#8221;inherit&#8221; column_padding_phone=&#8221;inherit&#8221; column_padding_position=&#8221;all&#8221; column_element_direction_desktop=&#8221;default&#8221; column_element_spacing=&#8221;default&#8221; desktop_text_alignment=&#8221;default&#8221; tablet_text_alignment=&#8221;default&#8221; phone_text_alignment=&#8221;default&#8221; background_color_opacity=&#8221;1&#8243; background_hover_color_opacity=&#8221;1&#8243; column_backdrop_filter=&#8221;none&#8221; column_shadow=&#8221;none&#8221; column_border_radius=&#8221;none&#8221; column_link_target=&#8221;_self&#8221; column_position=&#8221;default&#8221; gradient_direction=&#8221;left_to_right&#8221; overlay_strength=&#8221;0.3&#8243; width=&#8221;1\/1&#8243; tablet_width_inherit=&#8221;default&#8221; animation_type=&#8221;default&#8221; bg_image_animation=&#8221;none&#8221; border_type=&#8221;simple&#8221; column_border_width=&#8221;none&#8221; column_border_style=&#8221;solid&#8221;][vc_column_text css=&#8221;&#8221; el_class=&#8221;podnadpis&#8221; text_direction=&#8221;default&#8221;]\n<div class=\"background-text\" style=\"text-align: center;\">SAMPLE OF OUR WORK<\/div>\n[\/vc_column_text][nectar_highlighted_text text_color=&#8221;#ffffff&#8221; scribble_color=&#8221;#f7f7f7&#8243; style=&#8221;scribble&#8221; scribble_shape=&#8221;basic-underline&#8221; scribble_thickness=&#8221;thin&#8221; scribble_speed=&#8221;1.8s&#8221; scribble_easing=&#8221;ease_out&#8221; delay=&#8221;1000&#8243; custom_font_size=&#8221;50px&#8221; font_line_height=&#8221;1.1&#8243; text_direction=&#8221;default&#8221;]\n<h2 style=\"text-align: center;\"><strong><em>Our <\/em> projects<\/strong><\/h2>\n[\/nectar_highlighted_text][divider line_type=&#8221;No Line&#8221; custom_height=&#8221;100px&#8221;][\/vc_column][\/vc_row][vc_row type=&#8221;full_width_background&#8221; full_screen_row_position=&#8221;middle&#8221; column_margin=&#8221;default&#8221; column_direction=&#8221;default&#8221; column_direction_tablet=&#8221;default&#8221; column_direction_phone=&#8221;default&#8221; bg_color=&#8221;#101010&#8243; scene_position=&#8221;center&#8221; text_color=&#8221;dark&#8221; text_align=&#8221;left&#8221; row_border_radius=&#8221;none&#8221; row_border_radius_applies=&#8221;bg&#8221; overflow=&#8221;visible&#8221; class=&#8221;projekty-art&#8221; id=&#8221;projekty&#8221; overlay_strength=&#8221;0.3&#8243; gradient_direction=&#8221;left_to_right&#8221; shape_divider_position=&#8221;bottom&#8221; bg_image_animation=&#8221;none&#8221; shape_type=&#8221;&#8221; gradient_type=&#8221;default&#8221;][vc_column column_padding=&#8221;no-extra-padding&#8221; column_padding_tablet=&#8221;inherit&#8221; column_padding_phone=&#8221;inherit&#8221; column_padding_position=&#8221;all&#8221; column_element_direction_desktop=&#8221;default&#8221; column_element_spacing=&#8221;default&#8221; desktop_text_alignment=&#8221;default&#8221; tablet_text_alignment=&#8221;default&#8221; phone_text_alignment=&#8221;default&#8221; background_color_opacity=&#8221;1&#8243; background_hover_color_opacity=&#8221;1&#8243; column_backdrop_filter=&#8221;none&#8221; column_shadow=&#8221;none&#8221; column_border_radius=&#8221;none&#8221; column_link_target=&#8221;_self&#8221; column_position=&#8221;default&#8221; gradient_direction=&#8221;left_to_right&#8221; overlay_strength=&#8221;0.3&#8243; width=&#8221;1\/1&#8243; tablet_width_inherit=&#8221;default&#8221; animation_type=&#8221;default&#8221; bg_image_animation=&#8221;none&#8221; border_type=&#8221;simple&#8221; column_border_width=&#8221;none&#8221; column_border_style=&#8221;solid&#8221;][nectar_post_grid post_type=&#8221;portfolio&#8221; portfolio_category=&#8221;all&#8221; order=&#8221;DESC&#8221; orderby=&#8221;date&#8221; pagination=&#8221;load-more&#8221; button_color=&#8221;accent-color&#8221; columns=&#8221;3&#8243; columns_tablet=&#8221;default&#8221; columns_phone=&#8221;default&#8221; grid_item_spacing=&#8221;25px&#8221; grid_item_height=&#8221;40vh&#8221; 3_col_masonry_layout=&#8221;default&#8221; image_size=&#8221;portfolio-thumb_large&#8221; image_loading=&#8221;lazy-load&#8221; animation=&#8221;zoom-out-reveal&#8221; animation_stagger=&#8221;100&#8243; animation_easing=&#8221;easeInQuad&#8221; parallax_scrolling=&#8221;yes&#8221; heading_tag=&#8221;default&#8221; enable_indicator=&#8221;yes&#8221; mouse_indicator_style=&#8221;default&#8221; mouse_indicator_text=&#8221;view&#8221; mouse_indicator_color=&#8221;#9b2557&#8243; mouse_indicator_text_color=&#8221;#ffffff&#8221; mouse_indicator_blurred_bg=&#8221;yes&#8221; additional_meta_size=&#8221;default&#8221; grid_style=&#8221;content_overlaid&#8221; text_content_layout=&#8221;all_bottom_left_shadow&#8221; color_overlay=&#8221;#000000&#8243; color_overlay_opacity=&#8221;0.5&#8243; color_overlay_hover_opacity=&#8221;0&#8243; text_color=&#8221;light&#8221; text_color_hover=&#8221;light&#8221; text_opacity=&#8221;1&#8243; text_hover_opacity=&#8221;0.5&#8243; hover_effect=&#8221;slow_zoom&#8221; border_radius=&#8221;15px&#8221; shadow_on_hover=&#8221;yes&#8221; read_more_button=&#8221;yes&#8221; meta_visibility=&#8221;always&#8221; posts_per_page=&#8221;6&#8243; display_type=&#8221;grid&#8221; image_loading_lazy_skip=&#8221;3&#8243; css_class_name=&#8221;custom-portfolio&#8221;][\/vc_column][\/vc_row][vc_row type=&#8221;full_width_background&#8221; full_screen_row_position=&#8221;middle&#8221; column_margin=&#8221;default&#8221; column_direction=&#8221;default&#8221; column_direction_tablet=&#8221;default&#8221; column_direction_phone=&#8221;default&#8221; bg_color=&#8221;#000000&#8243; scene_position=&#8221;center&#8221; top_padding=&#8221;50&#8243; bottom_padding=&#8221;50&#8243; text_color=&#8221;light&#8221; text_align=&#8221;center&#8221; row_border_radius=&#8221;none&#8221; row_border_radius_applies=&#8221;bg&#8221; overflow=&#8221;visible&#8221; overlay_strength=&#8221;0.3&#8243; gradient_direction=&#8221;left_to_right&#8221; shape_divider_position=&#8221;bottom&#8221; bg_image_animation=&#8221;none&#8221;][vc_column column_padding=&#8221;no-extra-padding&#8221; column_padding_tablet=&#8221;inherit&#8221; column_padding_phone=&#8221;inherit&#8221; column_padding_position=&#8221;all&#8221; column_element_direction_desktop=&#8221;default&#8221; column_element_spacing=&#8221;default&#8221; desktop_text_alignment=&#8221;default&#8221; tablet_text_alignment=&#8221;default&#8221; phone_text_alignment=&#8221;default&#8221; background_color_opacity=&#8221;1&#8243; background_hover_color_opacity=&#8221;1&#8243; column_backdrop_filter=&#8221;none&#8221; column_shadow=&#8221;none&#8221; column_border_radius=&#8221;none&#8221; column_link_target=&#8221;_self&#8221; column_position=&#8221;default&#8221; gradient_direction=&#8221;left_to_right&#8221; overlay_strength=&#8221;0.3&#8243; width=&#8221;1\/1&#8243; tablet_width_inherit=&#8221;default&#8221; animation_type=&#8221;default&#8221; bg_image_animation=&#8221;none&#8221; border_type=&#8221;simple&#8221; column_border_width=&#8221;none&#8221; column_border_style=&#8221;solid&#8221;][vc_column_text]\n<div style=\"font-size: 36px; font-family: Open Sans; font-weight: 300; text-align: center; color: #fff;\">Ka\u017ed\u00e1 zna\u010dka m\u00e1 sv\u016fj <strong style=\"color: #e63780;\">p\u0159\u00edb\u011bh!<\/strong> Nechte n\u00e1s <strong style=\"color: #e63780;\">o\u017eivit ten V\u00e1\u0161!<br \/>\n<\/strong><\/div>\n[\/vc_column_text][\/vc_column][\/vc_row]","protected":false},"excerpt":{"rendered":"<p>[vc_row type=&#8221;full_width_background&#8221; full_screen_row_position=&#8221;middle&#8221; column_margin=&#8221;default&#8221; column_direction=&#8221;default&#8221; column_direction_tablet=&#8221;default&#8221; column_direction_phone=&#8221;default&#8221; bg_color=&#8221;#101010&#8243; scene_position=&#8221;center&#8221; top_padding=&#8221;70&#8243; top_margin=&#8221;0&#8243; text_color=&#8221;dark&#8221; text_align=&#8221;left&#8221; row_border_radius=&#8221;none&#8221; row_border_radius_applies=&#8221;bg&#8221; overflow=&#8221;visible&#8221; id=&#8221;portfolio-page&#8221; overlay_strength=&#8221;0.3&#8243; gradient_direction=&#8221;left_to_right&#8221; shape_divider_position=&#8221;bottom&#8221; bg_image_animation=&#8221;none&#8221; gradient_type=&#8221;default&#8221; shape_type=&#8221;&#8221;][vc_column column_padding=&#8221;no-extra-padding&#8221; column_padding_tablet=&#8221;inherit&#8221; column_padding_phone=&#8221;inherit&#8221; column_padding_position=&#8221;all&#8221; column_element_direction_desktop=&#8221;default&#8221; column_element_spacing=&#8221;default&#8221; desktop_text_alignment=&#8221;default&#8221;&#8230;<\/p>\n","protected":false},"author":3,"featured_media":9893,"parent":0,"menu_order":0,"comment_status":"closed","ping_status":"closed","template":"","meta":{"footnotes":""},"class_list":["post-10171","page","type-page","status-publish","has-post-thumbnail"],"_links":{"self":[{"href":"https:\/\/new.art4promotion.com\/en\/wp-json\/wp\/v2\/pages\/10171","targetHints":{"allow":["GET"]}}],"collection":[{"href":"https:\/\/new.art4promotion.com\/en\/wp-json\/wp\/v2\/pages"}],"about":[{"href":"https:\/\/new.art4promotion.com\/en\/wp-json\/wp\/v2\/types\/page"}],"author":[{"embeddable":true,"href":"https:\/\/new.art4promotion.com\/en\/wp-json\/wp\/v2\/users\/3"}],"replies":[{"embeddable":true,"href":"https:\/\/new.art4promotion.com\/en\/wp-json\/wp\/v2\/comments?post=10171"}],"version-history":[{"count":0,"href":"https:\/\/new.art4promotion.com\/en\/wp-json\/wp\/v2\/pages\/10171\/revisions"}],"wp:featuredmedia":[{"embeddable":true,"href":"https:\/\/new.art4promotion.com\/en\/wp-json\/wp\/v2\/media\/9893"}],"wp:attachment":[{"href":"https:\/\/new.art4promotion.com\/en\/wp-json\/wp\/v2\/media?parent=10171"}],"curies":[{"name":"wp","href":"https:\/\/api.w.org\/{rel}","templated":true}]}}