{"id":8256,"date":"2018-09-17T17:40:52","date_gmt":"2018-09-17T16:40:52","guid":{"rendered":"http:\/\/www.art4promotion.com\/?page_id=8256"},"modified":"2018-09-17T17:49:20","modified_gmt":"2018-09-17T16:49:20","slug":"gdpr","status":"publish","type":"page","link":"https:\/\/new.art4promotion.com\/cs\/gdpr\/","title":{"rendered":"GDPR"},"content":{"rendered":"<p>V souvislosti s p\u0159\u00edchodem nov\u00e9ho na\u0159\u00edzen\u00ed o ochran\u011b osobn\u00edch \u00fadaj\u016f (tzv.<strong> GDPR, obecn\u00e9ho na\u0159\u00edzen\u00ed o ochran\u011b osobn\u00edch \u00fadaj\u016f<\/strong> \u2013 Na\u0159\u00edzen\u00ed Evropsk\u00e9ho parlamentu a Rady (EU) 2016\/679 ze dne 27. dubna 2016 o ochran\u011b fyzick\u00fdch osob v souvislosti se zpracov\u00e1n\u00edm osobn\u00edch \u00fadaj\u016f a o voln\u00e9m pohybu t\u011bchto \u00fadaj\u016f a o zru\u0161en\u00ed sm\u011brnice 95\/46\/ES) bychom V\u00e1s r\u00e1di informovali, \u017ee zpracov\u00e1n\u00ed Va\u0161ich osobn\u00edch \u00fadaj\u016f na\u0161\u00ed spole\u010dnost\u00ed ji\u017e nyn\u00ed prob\u00edh\u00e1 a bude i nad\u00e1le prob\u00edhat v souladu s t\u00edmto na\u0159\u00edzen\u00edm.<\/p>\n<p><strong>Oslovujeme V\u00e1s jako na\u0161eho z\u00e1kazn\u00edka zaregistrovan\u00e9ho ve v\u011brnostn\u00edm programu.<\/strong> Va\u0161e osobn\u00ed \u00fadaje veden\u00e9 v evidenci z\u00e1kazn\u00edk\u016f \u2013 \u010dlen\u016f v\u011brnostn\u00edho programu jsme z\u00edskali na z\u00e1klad\u011b Va\u0161eho souhlasu a p\u0159i p\u0159ed\u00e1n\u00ed tohoto souhlasu jste n\u00e1m umo\u017enili se na V\u00e1s obracet s informacemi o pl\u00e1novan\u00fdch akc\u00edch, propagaci, produktech a slu\u017eb\u00e1ch Sparelax [French Flair s.r.o.]. Va\u0161e osobn\u00ed \u00fadaje zpracov\u00e1v\u00e1me a uchov\u00e1v\u00e1me pouze za \u00fa\u010delem registrace ve v\u011brnostn\u00edm programu a s t\u00edm souvisej\u00edc\u00edmi v\u00fd\u0161e uveden\u00fdmi aktivitami; neposkytujeme a neposkytneme je t\u0159et\u00edm stran\u00e1m.<\/p>\n<p>Zpracov\u00e1n\u00ed Va\u0161ich osobn\u00edch \u00fadaj\u016f prob\u00edhalo pln\u011b v souladu se z\u00e1konem \u010d. 101\/2000 Sb., o ochran\u011b osobn\u00edch \u00fadaj\u016f a o zm\u011bn\u011b n\u011bkter\u00fdch z\u00e1kon\u016f, v jeho\u017e re\u017eimu n\u00e1m byly ud\u011bleny. Od 25. kv\u011btna zpracov\u00e1n\u00ed Va\u0161ich \u00fadaj\u016f bude prob\u00edhat zcela v souladu s obecn\u00fdm na\u0159\u00edzen\u00edm o ochran\u011b osobn\u00edch \u00fadaj\u016f. Va\u0161e osobn\u00ed \u00fadaje, kter\u00e9 jsme takto z\u00edskali a budeme po dobu Va\u0161eho \u010dlenstv\u00ed v klubu i nad\u00e1le p\u0159i zachov\u00e1n\u00ed n\u00e1le\u017eit\u00e9ho organiza\u010dn\u00edho i technick\u00e9ho zabezpe\u010den\u00ed zpracov\u00e1vat, jsou jm\u00e9no, p\u0159\u00edjmen\u00ed, adresa bydli\u0161t\u011b, emailov\u00e1 adresa a telefonn\u00ed \u010d\u00edslo a pokud jste si p\u0159\u00e1li zas\u00edlat pozornost k narozenin\u00e1m, i datum narozen\u00ed (v n\u011bkter\u00fdch p\u0159\u00edpadech jste n\u00e1m v\u0161ak neposkytli v\u0161echny tyto \u00fadaje).<\/p>\n<p>Pokud si i p\u0159es na\u0161e uji\u0161t\u011bn\u00ed, \u017ee Va\u0161e osobn\u00ed \u00fadaje budou nad\u00e1le zpracov\u00e1v\u00e1ny v souladu s po\u017eadavky na jejich n\u00e1le\u017eitou ochranu nep\u0159ejete, abyste byli nad\u00e1le vedeni jako \u010dlenov\u00e9 v\u011brnostn\u00edho programu a po\u017eadujete, aby Va\u0161e osobn\u00ed \u00fadaje byly vymaz\u00e1ny, informujte n\u00e1s pros\u00edm odpov\u011bd\u00ed na tuto zpr\u00e1vu, nebo i osobn\u011b n\u00e1v\u0161t\u011bvou na\u0161\u00ed pobo\u010dky na adrese Rudolfovsk\u00e1 t\u0159\u00edda 111 \/ 476 37001 \u010cesk\u00e9 Bud\u011bjovice, \u010cesk\u00e1 Republika. V\u00e1\u0161 souhlas m\u00e1te pr\u00e1vo odvolat kdykoli i n\u00e1sledn\u011b a v takov\u00e9m p\u0159\u00edpad\u011b Va\u0161e osobn\u00ed \u00fadaje vyma\u017eeme. Nesouhlas se zpracov\u00e1n\u00edm m\u016f\u017eete vyj\u00e1d\u0159it i prost\u0159ednictv\u00edm n\u00e1mitky v\u016f\u010di zpracov\u00e1n\u00ed. M\u00e1te tak\u00e9 pr\u00e1vo od n\u00e1s z\u00edskat potvrzen\u00ed, zda osobn\u00ed \u00fadaje, kter\u00e9 se V\u00e1s t\u00fdkaj\u00ed, jsou \u010di nejsou n\u00e1mi zpracov\u00e1v\u00e1ny, a pokud je tomu tak, m\u00e1te pr\u00e1vo z\u00edskat p\u0159\u00edstup k t\u011bmto osobn\u00edm \u00fadaj\u016fm. M\u00e1te rovn\u011b\u017e pr\u00e1vo obdr\u017eet osobn\u00ed \u00fadaje, je\u017e jste n\u00e1m poskytli, ve strukturovan\u00e9m, b\u011b\u017en\u011b pou\u017e\u00edvan\u00e9m a strojov\u011b \u010diteln\u00e9m form\u00e1tu a s Va\u0161\u00edm vy\u017e\u00e1d\u00e1n\u00edm tyto \u00fadaje p\u0159ed\u00e1me t\u0159et\u00edm stran\u00e1m. M\u00e1te pr\u00e1vo na opravu Va\u0161ich osobn\u00edch \u00fadaj\u016f nebo omezen\u00ed jejich zpracov\u00e1n\u00ed. Va\u0161\u00ed \u017e\u00e1dosti vyhov\u00edme do jednoho m\u011bs\u00edce od jej\u00edho obdr\u017een\u00ed. V p\u0159\u00edpad\u011b, \u017ee se domn\u00edv\u00e1te, \u017ee zpracov\u00e1n\u00edm Va\u0161ich osobn\u00edch \u00fadaj\u016f je poru\u0161eno obecn\u00e9 na\u0159\u00edzen\u00ed, m\u016f\u017eete podat st\u00ed\u017enost u dozorov\u00e9ho \u00fa\u0159adu, kter\u00fdm je \u00da\u0159ad na ochranu osobn\u00edch \u00fadaj\u016f.<\/p>\n<p>V p\u0159\u00edpad\u011b, \u017ee V\u00e1\u0161 souhlas se zpracov\u00e1n\u00edm Va\u0161ich osobn\u00edch \u00fadaj\u016f odvol\u00e1te, vyma\u017eeme Va\u0161e ve\u0161ker\u00e9 osobn\u00ed \u00fadaje n\u00e1m poskytnut\u00e9 v souvislosti s \u010dlenstv\u00edm ve v\u011brnostn\u00edm programu a nad\u00e1le ji\u017e nebudeme tyto osobn\u00ed \u00fadaje o V\u00e1s zpracov\u00e1vat pro jak\u00e9koli \u00fa\u010dely, kter\u00e9 s \u010dlenstv\u00edm ve v\u011brnostn\u00edm programu souvisej\u00ed (poskytov\u00e1n\u00ed z\u00e1kaznick\u00fdch v\u00fdhod, nab\u00eddky na\u0161ich produkt\u016f a slu\u017eeb, zas\u00edl\u00e1n\u00ed informac\u00ed o pl\u00e1novan\u00fdch akc\u00edch). Pokud si nep\u0159ejete pouze z\u00edsk\u00e1vat obchodn\u00ed sd\u011blen\u00ed, av\u0161ak i nad\u00e1le si p\u0159ejete b\u00fdt zaregistrov\u00e1ni v klubu za \u00fa\u010delem z\u00edsk\u00e1v\u00e1n\u00ed slev, m\u016f\u017eete zas\u00edl\u00e1n\u00ed obchodn\u00edch sd\u011blen\u00ed na Va\u0161i emailovou adresu odhl\u00e1sit na emailov\u00e9 adrese: info@spa4relax.com<\/p>\n<p>Adresa<\/p>\n<p>Art4promotion<\/p>\n<p>Na N\u00e1vsi 19, 373 61 Hrd\u011bjovice<\/p>\n<p>\u010cesk\u00e1 republika<\/p>\n<p>\u010cesk\u00e1 Republika<\/p>\n","protected":false},"excerpt":{"rendered":"<p>V souvislosti s p\u0159\u00edchodem nov\u00e9ho na\u0159\u00edzen\u00ed o ochran\u011b osobn\u00edch \u00fadaj\u016f (tzv. GDPR, obecn\u00e9ho na\u0159\u00edzen\u00ed o ochran\u011b osobn\u00edch \u00fadaj\u016f \u2013 Na\u0159\u00edzen\u00ed Evropsk\u00e9ho parlamentu a Rady (EU) 2016\/679 ze dne 27. dubna&#8230;<\/p>\n","protected":false},"author":3,"featured_media":0,"parent":0,"menu_order":0,"comment_status":"closed","ping_status":"closed","template":"","meta":{"footnotes":""},"class_list":["post-8256","page","type-page","status-publish"],"_links":{"self":[{"href":"https:\/\/new.art4promotion.com\/cs\/wp-json\/wp\/v2\/pages\/8256","targetHints":{"allow":["GET"]}}],"collection":[{"href":"https:\/\/new.art4promotion.com\/cs\/wp-json\/wp\/v2\/pages"}],"about":[{"href":"https:\/\/new.art4promotion.com\/cs\/wp-json\/wp\/v2\/types\/page"}],"author":[{"embeddable":true,"href":"https:\/\/new.art4promotion.com\/cs\/wp-json\/wp\/v2\/users\/3"}],"replies":[{"embeddable":true,"href":"https:\/\/new.art4promotion.com\/cs\/wp-json\/wp\/v2\/comments?post=8256"}],"version-history":[{"count":0,"href":"https:\/\/new.art4promotion.com\/cs\/wp-json\/wp\/v2\/pages\/8256\/revisions"}],"wp:attachment":[{"href":"https:\/\/new.art4promotion.com\/cs\/wp-json\/wp\/v2\/media?parent=8256"}],"curies":[{"name":"wp","href":"https:\/\/api.w.org\/{rel}","templated":true}]}}