{"id":3137,"date":"2016-01-28T21:19:37","date_gmt":"2016-01-28T20:19:37","guid":{"rendered":"http:\/\/www.art4promotion.com\/?page_id=3137"},"modified":"2025-02-15T21:57:12","modified_gmt":"2025-02-15T20:57:12","slug":"o-nas","status":"publish","type":"page","link":"https:\/\/new.art4promotion.com\/cs\/o-nas\/","title":{"rendered":"O N\u00c1S"},"content":{"rendered":"[vc_row type=&#8220;in_container&#8220; full_screen_row_position=&#8220;middle&#8220; column_margin=&#8220;default&#8220; column_direction=&#8220;default&#8220; column_direction_tablet=&#8220;default&#8220; column_direction_phone=&#8220;default&#8220; scene_position=&#8220;center&#8220; top_padding=&#8220;60&#8243; bottom_padding=&#8220;60&#8243; text_color=&#8220;dark&#8220; text_align=&#8220;left&#8220; row_border_radius=&#8220;none&#8220; row_border_radius_applies=&#8220;bg&#8220; overflow=&#8220;visible&#8220; overlay_strength=&#8220;0.3&#8243; gradient_direction=&#8220;left_to_right&#8220; shape_divider_position=&#8220;bottom&#8220; bg_image_animation=&#8220;none&#8220; gradient_type=&#8220;default&#8220; shape_type=&#8220;&#8220;][vc_column column_padding=&#8220;no-extra-padding&#8220; column_padding_tablet=&#8220;inherit&#8220; column_padding_phone=&#8220;inherit&#8220; column_padding_position=&#8220;all&#8220; column_element_direction_desktop=&#8220;default&#8220; column_element_spacing=&#8220;default&#8220; desktop_text_alignment=&#8220;default&#8220; tablet_text_alignment=&#8220;default&#8220; phone_text_alignment=&#8220;default&#8220; background_color_opacity=&#8220;1&#8243; background_hover_color_opacity=&#8220;1&#8243; column_backdrop_filter=&#8220;none&#8220; column_shadow=&#8220;none&#8220; column_border_radius=&#8220;none&#8220; column_link_target=&#8220;_self&#8220; column_position=&#8220;default&#8220; gradient_direction=&#8220;left_to_right&#8220; overlay_strength=&#8220;0.3&#8243; width=&#8220;1\/1&#8243; tablet_width_inherit=&#8220;default&#8220; animation_type=&#8220;default&#8220; bg_image_animation=&#8220;none&#8220; border_type=&#8220;simple&#8220; column_border_width=&#8220;none&#8220; column_border_style=&#8220;solid&#8220;][vc_column_text css=&#8220;&#8220; text_direction=&#8220;default&#8220; el_class=&#8220;podnadpis&#8220;]\n<div class=\"background-text\" style=\"text-align: center;\">MULTIMEDIA<\/div>\n[\/vc_column_text][nectar_highlighted_text text_color=&#8220;#ffffff&#8220; scribble_color=&#8220;#f7f7f7&#8243; style=&#8220;scribble&#8220; scribble_shape=&#8220;basic-underline&#8220; scribble_thickness=&#8220;thin&#8220; scribble_speed=&#8220;1.8s&#8220; scribble_easing=&#8220;ease_out&#8220; text_direction=&#8220;default&#8220; delay=&#8220;1000&#8243; custom_font_size=&#8220;50px&#8220; font_line_height=&#8220;1.1&#8243;]\n<h2 style=\"text-align: center;\"><strong><em>Nabijte svou <\/em> zna\u010dku emocemi <\/strong><\/h2>\n[\/nectar_highlighted_text][\/vc_column][\/vc_row][vc_row type=&#8220;full_width_background&#8220; full_screen_row_position=&#8220;middle&#8220; column_margin=&#8220;default&#8220; equal_height=&#8220;yes&#8220; content_placement=&#8220;middle&#8220; column_direction=&#8220;default&#8220; column_direction_tablet=&#8220;default&#8220; column_direction_phone=&#8220;default&#8220; bg_color=&#8220;#101010&#8243; scene_position=&#8220;center&#8220; top_padding=&#8220;40&#8243; bottom_padding=&#8220;40&#8243; text_color=&#8220;dark&#8220; text_align=&#8220;left&#8220; row_border_radius=&#8220;none&#8220; row_border_radius_applies=&#8220;bg&#8220; overflow=&#8220;visible&#8220; id=&#8220;page-o-nas&#8220; overlay_strength=&#8220;0.3&#8243; gradient_direction=&#8220;left_to_right&#8220; shape_divider_position=&#8220;bottom&#8220; bg_image_animation=&#8220;none&#8220; gradient_type=&#8220;default&#8220; shape_type=&#8220;&#8220;][vc_column column_padding=&#8220;no-extra-padding&#8220; column_padding_tablet=&#8220;inherit&#8220; column_padding_phone=&#8220;inherit&#8220; column_padding_position=&#8220;all&#8220; top_margin=&#8220;0&#8243; bottom_margin=&#8220;0&#8243; column_element_direction_desktop=&#8220;default&#8220; column_element_spacing=&#8220;default&#8220; desktop_text_alignment=&#8220;default&#8220; tablet_text_alignment=&#8220;default&#8220; phone_text_alignment=&#8220;default&#8220; background_color_opacity=&#8220;1&#8243; background_hover_color_opacity=&#8220;1&#8243; column_backdrop_filter=&#8220;none&#8220; font_color=&#8220;#0a0a0a&#8220; column_shadow=&#8220;none&#8220; column_border_radius=&#8220;none&#8220; column_link_target=&#8220;_self&#8220; column_position=&#8220;default&#8220; gradient_direction=&#8220;left_to_right&#8220; overlay_strength=&#8220;0.3&#8243; width=&#8220;1\/2&#8243; tablet_width_inherit=&#8220;default&#8220; animation_type=&#8220;default&#8220; enable_animation=&#8220;true&#8220; animation=&#8220;fade-in-from-left&#8220; animation_easing=&#8220;default&#8220; bg_image_animation=&#8220;none&#8220; border_type=&#8220;simple&#8220; column_border_width=&#8220;none&#8220; column_border_style=&#8220;solid&#8220; column_padding_type=&#8220;default&#8220; gradient_type=&#8220;default&#8220;][vc_column_text css=&#8220;.vc_custom_1729764469653{padding-top: 30px !important;}&#8220; text_direction=&#8220;default&#8220;]\n<p style=\"text-align: justify;\"><strong><span class=\"nectar-dropcap\" style=\"color: #a9263d;\">J<\/span>sme specialist\u00e9 na event a tvorbu multimedi\u00e1ln\u00ed show.<\/strong> S form\u00e1tem\u00a0 multimedia show jsme p\u0159i\u0161li\u00a0 jako prvn\u00ed v\u00a0\u010cR, a to u\u017e v\u00a0roce 2003. Obsah, emoce, wow efekt &#8211; jde p\u0159edev\u0161\u00edm o uchopen\u00ed p\u0159\u00edb\u011bhu a odvypr\u00e1v\u011bn\u00ed prost\u0159ednictv\u00edm multimedi\u00e1ln\u00edch n\u00e1stroj\u016f, kter\u00e9 mimo jin\u00e9 dovoluj\u00ed form\u00e1t pod\u00edvan\u00e9 pro desetitis\u00edce div\u00e1k\u016f sou\u010dasn\u011b.\u00a0 V\u0161e kombinujeme s hudbou, sc\u00e9nografi\u00ed, vytv\u00e1\u0159\u00edme celkov\u00fd obraz, kter\u00fd p\u016fsob\u00ed na div\u00e1kovy smysly jako celek. To n\u00e1s bav\u00ed.<\/p>\n<p style=\"text-align: justify;\"><strong>Pracujeme s nejmodern\u011bj\u0161\u00edmi technologiemi a na\u0161\u00ed silnou str\u00e1nkou je sehran\u00fd t\u00fdm, d\u00edky kter\u00e9mu mohou vznikat v\u00fdjime\u010dn\u00e9 eventy a show. Neboj\u00edme se v\u00fdzev, objevujeme a p\u0159ich\u00e1z\u00edme s nov\u00fdmi v\u011bcmi.\u00a0<\/strong>Ke ka\u017ed\u00e9mu eventu p\u0159istupujeme individu\u00e1ln\u011b, s\u00a0maxim\u00e1ln\u00ed pokorou a d\u016fkladnost\u00ed. P\u0159in\u00e1\u0161\u00edme \u0159e\u0161en\u00ed a kreativitu, kterou vkl\u00e1d\u00e1me do unik\u00e1tn\u00edho konceptu.\u00a0 N\u00e1\u0161 servis je komplexn\u00ed, od n\u00e1padu, zpracov\u00e1n\u00ed konceptu, obsahov\u00e9 n\u00e1pln\u011b, technick\u00e9ho \u0159e\u0161en\u00ed a\u017e po konkr\u00e9tn\u00ed realizaci a reporting.<\/p>\n<p style=\"text-align: justify;\"><strong>Za na\u0161e eventy a multimedia show jsme z\u00edskali \u0159adu mezin\u00e1rodn\u00edch ocen\u011bn\u00ed, na kter\u00e9 jsme hrd\u00ed.<\/strong> Mezi ty nejcenn\u011bj\u0161\u00ed pat\u0159\u00ed trofej <strong>ILDA ARTISTIC AWARDS<\/strong> za show \u017divly, kterou jsme p\u0159ivezli z\u00a0 Las Vegas za nejlep\u0161\u00ed multimedi\u00e1ln\u00ed show roku a z\u00edskali ji v konkurenci 160 projekt\u016f z\u00a0cel\u00e9ho sv\u011bta. Stejn\u011b tak si cen\u00edme \u00fasp\u011bchu dal\u0161\u00ed multimedi\u00e1ln\u00ed show &#8222;Circle&#8220;, kter\u00e1 vznikla p\u0159i p\u0159\u00edle\u017eitosti Olympijsk\u00fdch her v\u00a0Riu, a to pro \u010cesk\u00fd olympijsk\u00fd v\u00fdbor jako grand opening show pro Olympijsk\u00fd park Rio Lipno. Show Circle byla za\u0159azena mezi deset nejlep\u0161\u00edch show v\u00a0r\u00e1mci BEAW <strong>Best Event Awards World<\/strong> v Portu a ocitla se tak na shortlistu s\u00a0ofici\u00e1ln\u00ed zahajovac\u00ed show Olympijsk\u00fdch her v\u00a0Riu.<\/p>\n<p style=\"text-align: justify;\">Nez\u016fst\u00e1vejte nohama na zemi. P\u0159ipojte se pod na\u0161e k\u0159\u00eddla a <strong>nabijte svou zna\u010dku emocemi!<\/strong><\/p>\n[\/vc_column_text][\/vc_column][vc_column column_padding=&#8220;padding-4-percent&#8220; column_padding_tablet=&#8220;inherit&#8220; column_padding_phone=&#8220;inherit&#8220; column_padding_position=&#8220;all&#8220; column_element_direction_desktop=&#8220;default&#8220; column_element_spacing=&#8220;default&#8220; desktop_text_alignment=&#8220;center&#8220; tablet_text_alignment=&#8220;default&#8220; phone_text_alignment=&#8220;default&#8220; background_color_opacity=&#8220;1&#8243; background_hover_color_opacity=&#8220;1&#8243; column_backdrop_filter=&#8220;none&#8220; column_shadow=&#8220;none&#8220; column_border_radius=&#8220;none&#8220; column_link_target=&#8220;_self&#8220; column_position=&#8220;default&#8220; gradient_direction=&#8220;left_to_right&#8220; overlay_strength=&#8220;0.3&#8243; width=&#8220;1\/2&#8243; tablet_width_inherit=&#8220;default&#8220; animation_type=&#8220;default&#8220; bg_image_animation=&#8220;none&#8220; border_type=&#8220;simple&#8220; column_border_width=&#8220;none&#8220; column_border_style=&#8220;solid&#8220; column_padding_type=&#8220;default&#8220; gradient_type=&#8220;default&#8220;][vc_gallery css=&#8220;&#8220; type=&#8220;nectarslider_style&#8220; images=&#8220;9338,9337,8113,8095,8096,8093&#8243; image_loading=&#8220;default&#8220; ns_image_rendering=&#8220;default&#8220; ns_image_aspect_ratio=&#8220;default&#8220; bullet_navigation=&#8220;true&#8220; bullet_navigation_style=&#8220;see_through&#8220; onclick=&#8220;link_image&#8220; el_id=&#8220;galerie-onas&#8220; el_class=&#8220;galerie-onas&#8220;][\/vc_column][\/vc_row][vc_row type=&#8220;full_width_background&#8220; full_screen_row_position=&#8220;middle&#8220; column_margin=&#8220;default&#8220; column_direction=&#8220;default&#8220; column_direction_tablet=&#8220;default&#8220; column_direction_phone=&#8220;default&#8220; bg_color=&#8220;#9b2557&#8243; animated_gradient_bg=&#8220;true&#8220; animated_gradient_bg_color_1=&#8220;#9b2557&#8243; animated_gradient_bg_color_2=&#8220;#000000&#8243; animated_gradient_bg_speed=&#8220;850&#8243; animated_gradient_bg_blending_mode=&#8220;organic&#8220; mouse_based_parallax_bg=&#8220;true&#8220; scene_position=&#8220;top&#8220; top_padding=&#8220;40&#8243; bottom_padding=&#8220;40&#8243; text_color=&#8220;light&#8220; text_align=&#8220;left&#8220; row_border_radius=&#8220;none&#8220; row_border_radius_applies=&#8220;bg&#8220; overflow=&#8220;visible&#8220; id=&#8220;tvorba&#8220; overlay_strength=&#8220;0.3&#8243; gradient_direction=&#8220;left_to_right&#8220; shape_divider_position=&#8220;bottom&#8220; bg_image_animation=&#8220;none&#8220; fadeout_row=&#8220;fadeout_row_value&#8220; fadeout_start_effect=&#8220;40&#8243; gradient_type=&#8220;default&#8220; shape_type=&#8220;&#8220;][vc_column column_padding=&#8220;no-extra-padding&#8220; column_padding_tablet=&#8220;inherit&#8220; column_padding_phone=&#8220;inherit&#8220; column_padding_position=&#8220;all&#8220; column_element_direction_desktop=&#8220;default&#8220; column_element_spacing=&#8220;default&#8220; desktop_text_alignment=&#8220;default&#8220; tablet_text_alignment=&#8220;default&#8220; phone_text_alignment=&#8220;default&#8220; background_color_opacity=&#8220;1&#8243; background_hover_color_opacity=&#8220;1&#8243; column_backdrop_filter=&#8220;none&#8220; column_shadow=&#8220;none&#8220; column_border_radius=&#8220;none&#8220; column_link_target=&#8220;_self&#8220; column_position=&#8220;default&#8220; gradient_direction=&#8220;left_to_right&#8220; overlay_strength=&#8220;0.3&#8243; width=&#8220;1\/2&#8243; tablet_width_inherit=&#8220;default&#8220; animation_type=&#8220;default&#8220; bg_image_animation=&#8220;none&#8220; border_type=&#8220;simple&#8220; column_border_width=&#8220;none&#8220; column_border_style=&#8220;solid&#8220;][nectar_image_comparison image_url=&#8220;3408&#8243; image_2_url=&#8220;3405&#8243;][\/vc_column][vc_column column_padding=&#8220;no-extra-padding&#8220; column_padding_tablet=&#8220;inherit&#8220; column_padding_phone=&#8220;inherit&#8220; column_padding_position=&#8220;all&#8220; top_margin=&#8220;0&#8243; bottom_margin=&#8220;0&#8243; column_element_direction_desktop=&#8220;default&#8220; column_element_spacing=&#8220;default&#8220; desktop_text_alignment=&#8220;default&#8220; tablet_text_alignment=&#8220;default&#8220; phone_text_alignment=&#8220;default&#8220; background_color=&#8220;rgba(255,255,255,0.01)&#8220; background_color_opacity=&#8220;1&#8243; background_hover_color_opacity=&#8220;1&#8243; column_backdrop_filter=&#8220;none&#8220; font_color=&#8220;#0a0a0a&#8220; column_shadow=&#8220;none&#8220; column_border_radius=&#8220;none&#8220; column_link_target=&#8220;_self&#8220; column_position=&#8220;default&#8220; gradient_direction=&#8220;left_to_right&#8220; overlay_strength=&#8220;0.3&#8243; width=&#8220;1\/2&#8243; tablet_width_inherit=&#8220;default&#8220; animation_type=&#8220;default&#8220; enable_animation=&#8220;true&#8220; animation=&#8220;fade-in-from-left&#8220; animation_easing=&#8220;default&#8220; bg_image_animation=&#8220;none&#8220; border_type=&#8220;simple&#8220; column_border_width=&#8220;none&#8220; column_border_style=&#8220;solid&#8220;][vc_column_text css=&#8220;&#8220; text_direction=&#8220;default&#8220;]\n<h3><strong><span style=\"color: #ffffff;\">Create \/ Tvo\u0159\u00edme<\/span><\/strong><\/h3>\n<p>Dob\u0159e zpracovan\u00fd event je mocn\u00fd marketingov\u00fd n\u00e1stroj.<\/p>\n<h3><strong><span style=\"color: #ffffff;\">Can \/ Um\u00edme<\/span><\/strong><\/h3>\n<p>Nikdy se nep\u0159est\u00e1v\u00e1me u\u010dit.<\/p>\n<h3><span style=\"color: #ffffff;\"><strong>Cooperate \/ Spolupracujeme<\/strong><\/span><\/h3>\n<p>Chceme b\u00fdt nejlep\u0161\u00ed, chceme pro sv\u00e9 klienty to nejlep\u0161\u00ed a proto spolupracujeme s t\u011bmi nejlep\u0161\u00edmi.<\/p>\n<h3><span style=\"color: #ffffff;\"><strong>Complete \/ Dotahujeme do konce<\/strong><\/span><\/h3>\n<p>Naslouch\u00e1me. Ned\u011bl\u00e1me event pro event. Pracujeme s rozpo\u010dty, vlo\u017een\u00fdmi do akc\u00ed, jako s investic\u00ed.[\/vc_column_text][\/vc_column][\/vc_row][vc_row type=&#8220;full_width_background&#8220; full_screen_row_position=&#8220;middle&#8220; column_margin=&#8220;default&#8220; column_direction=&#8220;default&#8220; column_direction_tablet=&#8220;default&#8220; column_direction_phone=&#8220;default&#8220; bg_color=&#8220;#000000&#8243; scene_position=&#8220;center&#8220; top_padding=&#8220;50&#8243; bottom_padding=&#8220;50&#8243; text_color=&#8220;light&#8220; text_align=&#8220;center&#8220; row_border_radius=&#8220;none&#8220; row_border_radius_applies=&#8220;bg&#8220; overflow=&#8220;visible&#8220; overlay_strength=&#8220;0.3&#8243; gradient_direction=&#8220;left_to_right&#8220; shape_divider_position=&#8220;bottom&#8220; bg_image_animation=&#8220;none&#8220;][vc_column column_padding=&#8220;no-extra-padding&#8220; column_padding_tablet=&#8220;inherit&#8220; column_padding_phone=&#8220;inherit&#8220; column_padding_position=&#8220;all&#8220; column_element_direction_desktop=&#8220;default&#8220; column_element_spacing=&#8220;default&#8220; desktop_text_alignment=&#8220;default&#8220; tablet_text_alignment=&#8220;default&#8220; phone_text_alignment=&#8220;default&#8220; background_color_opacity=&#8220;1&#8243; background_hover_color_opacity=&#8220;1&#8243; column_backdrop_filter=&#8220;none&#8220; column_shadow=&#8220;none&#8220; column_border_radius=&#8220;none&#8220; column_link_target=&#8220;_self&#8220; column_position=&#8220;default&#8220; gradient_direction=&#8220;left_to_right&#8220; overlay_strength=&#8220;0.3&#8243; width=&#8220;1\/1&#8243; tablet_width_inherit=&#8220;default&#8220; animation_type=&#8220;default&#8220; bg_image_animation=&#8220;none&#8220; border_type=&#8220;simple&#8220; column_border_width=&#8220;none&#8220; column_border_style=&#8220;solid&#8220;][vc_column_text]\n<div style=\"font-size: 36px; font-family: Open Sans; font-weight: 300; text-align: center; color: #fff;\">Ka\u017ed\u00e1 zna\u010dka m\u00e1 sv\u016fj <strong style=\"color: #e63780;\">p\u0159\u00edb\u011bh!<\/strong> Nechte n\u00e1s <strong style=\"color: #e63780;\">o\u017eivit ten V\u00e1\u0161!<br \/>\n<\/strong><\/div>\n[\/vc_column_text][\/vc_column][\/vc_row]\n","protected":false},"excerpt":{"rendered":"<p>[vc_row type=&#8220;in_container&#8220; full_screen_row_position=&#8220;middle&#8220; column_margin=&#8220;default&#8220; column_direction=&#8220;default&#8220; column_direction_tablet=&#8220;default&#8220; column_direction_phone=&#8220;default&#8220; scene_position=&#8220;center&#8220; top_padding=&#8220;60&#8243; bottom_padding=&#8220;60&#8243; text_color=&#8220;dark&#8220; text_align=&#8220;left&#8220; row_border_radius=&#8220;none&#8220; row_border_radius_applies=&#8220;bg&#8220; overflow=&#8220;visible&#8220; overlay_strength=&#8220;0.3&#8243; gradient_direction=&#8220;left_to_right&#8220; shape_divider_position=&#8220;bottom&#8220; bg_image_animation=&#8220;none&#8220; gradient_type=&#8220;default&#8220; shape_type=&#8220;&#8220;][vc_column column_padding=&#8220;no-extra-padding&#8220; column_padding_tablet=&#8220;inherit&#8220; column_padding_phone=&#8220;inherit&#8220; column_padding_position=&#8220;all&#8220; column_element_direction_desktop=&#8220;default&#8220; column_element_spacing=&#8220;default&#8220; desktop_text_alignment=&#8220;default&#8220; tablet_text_alignment=&#8220;default&#8220; phone_text_alignment=&#8220;default&#8220;&#8230;<\/p>\n","protected":false},"author":2,"featured_media":0,"parent":0,"menu_order":0,"comment_status":"closed","ping_status":"closed","template":"","meta":{"footnotes":""},"class_list":["post-3137","page","type-page","status-publish"],"_links":{"self":[{"href":"https:\/\/new.art4promotion.com\/cs\/wp-json\/wp\/v2\/pages\/3137","targetHints":{"allow":["GET"]}}],"collection":[{"href":"https:\/\/new.art4promotion.com\/cs\/wp-json\/wp\/v2\/pages"}],"about":[{"href":"https:\/\/new.art4promotion.com\/cs\/wp-json\/wp\/v2\/types\/page"}],"author":[{"embeddable":true,"href":"https:\/\/new.art4promotion.com\/cs\/wp-json\/wp\/v2\/users\/2"}],"replies":[{"embeddable":true,"href":"https:\/\/new.art4promotion.com\/cs\/wp-json\/wp\/v2\/comments?post=3137"}],"version-history":[{"count":0,"href":"https:\/\/new.art4promotion.com\/cs\/wp-json\/wp\/v2\/pages\/3137\/revisions"}],"wp:attachment":[{"href":"https:\/\/new.art4promotion.com\/cs\/wp-json\/wp\/v2\/media?parent=3137"}],"curies":[{"name":"wp","href":"https:\/\/api.w.org\/{rel}","templated":true}]}}