{"id":10171,"date":"2024-09-10T11:25:58","date_gmt":"2024-09-10T10:25:58","guid":{"rendered":"https:\/\/new.art4promotion.com\/?page_id=10171"},"modified":"2025-03-10T17:06:43","modified_gmt":"2025-03-10T16:06:43","slug":"projekty","status":"publish","type":"page","link":"https:\/\/new.art4promotion.com\/cs\/projekty\/","title":{"rendered":"Projekty"},"content":{"rendered":"[vc_row type=&#8220;full_width_background&#8220; full_screen_row_position=&#8220;middle&#8220; column_margin=&#8220;default&#8220; column_direction=&#8220;default&#8220; column_direction_tablet=&#8220;default&#8220; column_direction_phone=&#8220;default&#8220; bg_color=&#8220;#101010&#8243; scene_position=&#8220;center&#8220; top_padding=&#8220;70&#8243; top_margin=&#8220;0&#8243; text_color=&#8220;dark&#8220; text_align=&#8220;left&#8220; row_border_radius=&#8220;none&#8220; row_border_radius_applies=&#8220;bg&#8220; overflow=&#8220;visible&#8220; id=&#8220;portfolio-page&#8220; overlay_strength=&#8220;0.3&#8243; gradient_direction=&#8220;left_to_right&#8220; shape_divider_position=&#8220;bottom&#8220; bg_image_animation=&#8220;none&#8220; gradient_type=&#8220;default&#8220; shape_type=&#8220;&#8220;][vc_column column_padding=&#8220;no-extra-padding&#8220; column_padding_tablet=&#8220;inherit&#8220; column_padding_phone=&#8220;inherit&#8220; column_padding_position=&#8220;all&#8220; column_element_direction_desktop=&#8220;default&#8220; column_element_spacing=&#8220;default&#8220; desktop_text_alignment=&#8220;default&#8220; tablet_text_alignment=&#8220;default&#8220; phone_text_alignment=&#8220;default&#8220; background_color_opacity=&#8220;1&#8243; background_hover_color_opacity=&#8220;1&#8243; column_backdrop_filter=&#8220;none&#8220; column_shadow=&#8220;none&#8220; column_border_radius=&#8220;none&#8220; column_link_target=&#8220;_self&#8220; column_position=&#8220;default&#8220; gradient_direction=&#8220;left_to_right&#8220; overlay_strength=&#8220;0.3&#8243; width=&#8220;1\/1&#8243; tablet_width_inherit=&#8220;default&#8220; animation_type=&#8220;default&#8220; bg_image_animation=&#8220;none&#8220; border_type=&#8220;simple&#8220; column_border_width=&#8220;none&#8220; column_border_style=&#8220;solid&#8220;][vc_column_text css=&#8220;&#8220; el_class=&#8220;podnadpis&#8220; text_direction=&#8220;default&#8220;]\n<div class=\"background-text\" style=\"text-align: center;\">UK\u00c1ZKA NA\u0160\u00cd PR\u00c1CE<\/div>\n[\/vc_column_text][nectar_highlighted_text text_color=&#8220;#ffffff&#8220; scribble_color=&#8220;#f7f7f7&#8243; style=&#8220;scribble&#8220; scribble_shape=&#8220;basic-underline&#8220; scribble_thickness=&#8220;thin&#8220; scribble_speed=&#8220;1.8s&#8220; scribble_easing=&#8220;ease_out&#8220; delay=&#8220;1000&#8243; custom_font_size=&#8220;50px&#8220; font_line_height=&#8220;1.1&#8243; text_direction=&#8220;default&#8220;]\n<h2 style=\"text-align: center;\"><strong><em>Na\u0161e <\/em> projekty<\/strong><\/h2>\n[\/nectar_highlighted_text][divider line_type=&#8220;No Line&#8220; custom_height=&#8220;100px&#8220;][\/vc_column][\/vc_row][vc_row type=&#8220;full_width_background&#8220; full_screen_row_position=&#8220;middle&#8220; column_margin=&#8220;default&#8220; column_direction=&#8220;default&#8220; column_direction_tablet=&#8220;default&#8220; column_direction_phone=&#8220;default&#8220; bg_color=&#8220;#101010&#8243; scene_position=&#8220;center&#8220; text_color=&#8220;dark&#8220; text_align=&#8220;left&#8220; row_border_radius=&#8220;none&#8220; row_border_radius_applies=&#8220;bg&#8220; overflow=&#8220;visible&#8220; class=&#8220;projekty-art&#8220; id=&#8220;projekty&#8220; overlay_strength=&#8220;0.3&#8243; gradient_direction=&#8220;left_to_right&#8220; shape_divider_position=&#8220;bottom&#8220; bg_image_animation=&#8220;none&#8220; shape_type=&#8220;&#8220; gradient_type=&#8220;default&#8220;][vc_column column_padding=&#8220;no-extra-padding&#8220; column_padding_tablet=&#8220;inherit&#8220; column_padding_phone=&#8220;inherit&#8220; column_padding_position=&#8220;all&#8220; column_element_direction_desktop=&#8220;default&#8220; column_element_spacing=&#8220;default&#8220; desktop_text_alignment=&#8220;default&#8220; tablet_text_alignment=&#8220;default&#8220; phone_text_alignment=&#8220;default&#8220; background_color_opacity=&#8220;1&#8243; background_hover_color_opacity=&#8220;1&#8243; column_backdrop_filter=&#8220;none&#8220; column_shadow=&#8220;none&#8220; column_border_radius=&#8220;none&#8220; column_link_target=&#8220;_self&#8220; column_position=&#8220;default&#8220; gradient_direction=&#8220;left_to_right&#8220; overlay_strength=&#8220;0.3&#8243; width=&#8220;1\/1&#8243; tablet_width_inherit=&#8220;default&#8220; animation_type=&#8220;default&#8220; bg_image_animation=&#8220;none&#8220; border_type=&#8220;simple&#8220; column_border_width=&#8220;none&#8220; column_border_style=&#8220;solid&#8220;][nectar_post_grid post_type=&#8220;portfolio&#8220; portfolio_category=&#8220;all&#8220; order=&#8220;DESC&#8220; orderby=&#8220;date&#8220; pagination=&#8220;load-more&#8220; button_color=&#8220;accent-color&#8220; columns=&#8220;3&#8243; columns_tablet=&#8220;default&#8220; columns_phone=&#8220;default&#8220; grid_item_spacing=&#8220;25px&#8220; grid_item_height=&#8220;40vh&#8220; 3_col_masonry_layout=&#8220;default&#8220; image_size=&#8220;portfolio-thumb_large&#8220; image_loading=&#8220;lazy-load&#8220; animation=&#8220;zoom-out-reveal&#8220; animation_stagger=&#8220;100&#8243; animation_easing=&#8220;easeInQuad&#8220; parallax_scrolling=&#8220;yes&#8220; heading_tag=&#8220;default&#8220; enable_indicator=&#8220;yes&#8220; mouse_indicator_style=&#8220;default&#8220; mouse_indicator_text=&#8220;view&#8220; mouse_indicator_color=&#8220;#9b2557&#8243; mouse_indicator_text_color=&#8220;#ffffff&#8220; mouse_indicator_blurred_bg=&#8220;yes&#8220; additional_meta_size=&#8220;default&#8220; grid_style=&#8220;content_overlaid&#8220; text_content_layout=&#8220;all_bottom_left_shadow&#8220; color_overlay=&#8220;#000000&#8243; color_overlay_opacity=&#8220;0.5&#8243; color_overlay_hover_opacity=&#8220;0&#8243; text_color=&#8220;light&#8220; text_color_hover=&#8220;light&#8220; text_opacity=&#8220;1&#8243; text_hover_opacity=&#8220;0.5&#8243; hover_effect=&#8220;slow_zoom&#8220; border_radius=&#8220;15px&#8220; shadow_on_hover=&#8220;yes&#8220; read_more_button=&#8220;yes&#8220; meta_visibility=&#8220;always&#8220; posts_per_page=&#8220;6&#8243; display_type=&#8220;grid&#8220; image_loading_lazy_skip=&#8220;3&#8243; css_class_name=&#8220;custom-portfolio&#8220;][\/vc_column][\/vc_row][vc_row type=&#8220;full_width_background&#8220; full_screen_row_position=&#8220;middle&#8220; column_margin=&#8220;default&#8220; column_direction=&#8220;default&#8220; column_direction_tablet=&#8220;default&#8220; column_direction_phone=&#8220;default&#8220; bg_color=&#8220;#000000&#8243; scene_position=&#8220;center&#8220; top_padding=&#8220;50&#8243; bottom_padding=&#8220;50&#8243; text_color=&#8220;light&#8220; text_align=&#8220;center&#8220; row_border_radius=&#8220;none&#8220; row_border_radius_applies=&#8220;bg&#8220; overflow=&#8220;visible&#8220; overlay_strength=&#8220;0.3&#8243; gradient_direction=&#8220;left_to_right&#8220; shape_divider_position=&#8220;bottom&#8220; bg_image_animation=&#8220;none&#8220;][vc_column column_padding=&#8220;no-extra-padding&#8220; column_padding_tablet=&#8220;inherit&#8220; column_padding_phone=&#8220;inherit&#8220; column_padding_position=&#8220;all&#8220; column_element_direction_desktop=&#8220;default&#8220; column_element_spacing=&#8220;default&#8220; desktop_text_alignment=&#8220;default&#8220; tablet_text_alignment=&#8220;default&#8220; phone_text_alignment=&#8220;default&#8220; background_color_opacity=&#8220;1&#8243; background_hover_color_opacity=&#8220;1&#8243; column_backdrop_filter=&#8220;none&#8220; column_shadow=&#8220;none&#8220; column_border_radius=&#8220;none&#8220; column_link_target=&#8220;_self&#8220; column_position=&#8220;default&#8220; gradient_direction=&#8220;left_to_right&#8220; overlay_strength=&#8220;0.3&#8243; width=&#8220;1\/1&#8243; tablet_width_inherit=&#8220;default&#8220; animation_type=&#8220;default&#8220; bg_image_animation=&#8220;none&#8220; border_type=&#8220;simple&#8220; column_border_width=&#8220;none&#8220; column_border_style=&#8220;solid&#8220;][vc_column_text]\n<div style=\"font-size: 36px; font-family: Open Sans; font-weight: 300; text-align: center; color: #fff;\">Ka\u017ed\u00e1 zna\u010dka m\u00e1 sv\u016fj <strong style=\"color: #e63780;\">p\u0159\u00edb\u011bh!<\/strong> Nechte n\u00e1s <strong style=\"color: #e63780;\">o\u017eivit ten V\u00e1\u0161!<br \/>\n<\/strong><\/div>\n[\/vc_column_text][\/vc_column][\/vc_row]","protected":false},"excerpt":{"rendered":"<p>[vc_row type=&#8220;full_width_background&#8220; full_screen_row_position=&#8220;middle&#8220; column_margin=&#8220;default&#8220; column_direction=&#8220;default&#8220; column_direction_tablet=&#8220;default&#8220; column_direction_phone=&#8220;default&#8220; bg_color=&#8220;#101010&#8243; scene_position=&#8220;center&#8220; top_padding=&#8220;70&#8243; top_margin=&#8220;0&#8243; text_color=&#8220;dark&#8220; text_align=&#8220;left&#8220; row_border_radius=&#8220;none&#8220; row_border_radius_applies=&#8220;bg&#8220; overflow=&#8220;visible&#8220; id=&#8220;portfolio-page&#8220; overlay_strength=&#8220;0.3&#8243; gradient_direction=&#8220;left_to_right&#8220; shape_divider_position=&#8220;bottom&#8220; bg_image_animation=&#8220;none&#8220; gradient_type=&#8220;default&#8220; shape_type=&#8220;&#8220;][vc_column column_padding=&#8220;no-extra-padding&#8220; column_padding_tablet=&#8220;inherit&#8220; column_padding_phone=&#8220;inherit&#8220; column_padding_position=&#8220;all&#8220; column_element_direction_desktop=&#8220;default&#8220; column_element_spacing=&#8220;default&#8220; desktop_text_alignment=&#8220;default&#8220;&#8230;<\/p>\n","protected":false},"author":3,"featured_media":9893,"parent":0,"menu_order":0,"comment_status":"closed","ping_status":"closed","template":"","meta":{"footnotes":""},"class_list":["post-10171","page","type-page","status-publish","has-post-thumbnail"],"_links":{"self":[{"href":"https:\/\/new.art4promotion.com\/cs\/wp-json\/wp\/v2\/pages\/10171","targetHints":{"allow":["GET"]}}],"collection":[{"href":"https:\/\/new.art4promotion.com\/cs\/wp-json\/wp\/v2\/pages"}],"about":[{"href":"https:\/\/new.art4promotion.com\/cs\/wp-json\/wp\/v2\/types\/page"}],"author":[{"embeddable":true,"href":"https:\/\/new.art4promotion.com\/cs\/wp-json\/wp\/v2\/users\/3"}],"replies":[{"embeddable":true,"href":"https:\/\/new.art4promotion.com\/cs\/wp-json\/wp\/v2\/comments?post=10171"}],"version-history":[{"count":0,"href":"https:\/\/new.art4promotion.com\/cs\/wp-json\/wp\/v2\/pages\/10171\/revisions"}],"wp:featuredmedia":[{"embeddable":true,"href":"https:\/\/new.art4promotion.com\/cs\/wp-json\/wp\/v2\/media\/9893"}],"wp:attachment":[{"href":"https:\/\/new.art4promotion.com\/cs\/wp-json\/wp\/v2\/media?parent=10171"}],"curies":[{"name":"wp","href":"https:\/\/api.w.org\/{rel}","templated":true}]}}